{"id":1903,"date":"2018-11-28T20:07:52","date_gmt":"2018-11-28T19:07:52","guid":{"rendered":"https:\/\/www.euro-taxi.it\/transfer-service\/apulia-transfer-service\/"},"modified":"2025-05-14T19:28:06","modified_gmt":"2025-05-14T17:28:06","slug":"apulia-transfer-service","status":"publish","type":"page","link":"https:\/\/www.euro-taxi.it\/en\/transfer-service\/apulia-transfer-service\/","title":{"rendered":"Apulia Transfer Service"},"content":{"rendered":"\n<style type=\"text\/css\" data-created_by=\"avia_inline_auto\" id=\"style-css-av-145nae-904925a8cc8634399d5fbb0fde565a56\">\n.avia-section.av-145nae-904925a8cc8634399d5fbb0fde565a56{\nbackground-repeat:no-repeat;\nbackground-image:url(https:\/\/www.euro-taxi.it\/wp-content\/uploads\/2018\/12\/transfer-convegni.jpg);\nbackground-position:50% 50%;\nbackground-attachment:scroll;\n}\n.avia-section.av-145nae-904925a8cc8634399d5fbb0fde565a56 .av-section-color-overlay{\nopacity:0.6;\nbackground-color:#084a79;\n}\n<\/style>\n<div id='av_section_1'  class='avia-section av-145nae-904925a8cc8634399d5fbb0fde565a56 main_color avia-section-default avia-no-border-styling  avia-builder-el-0  el_before_av_one_full  avia-builder-el-first  avia-full-stretch avia-bg-style-scroll av-section-color-overlay-active av-minimum-height av-minimum-height-custom av-height-custom  container_wrap fullsize'  data-section-bg-repeat='stretch' data-av_minimum_height_px='230'><div class=\"av-section-color-overlay-wrap\"><div class=\"av-section-color-overlay\"><\/div><div class='container av-section-cont-open' style='height:230px'><main  role=\"main\" itemprop=\"mainContentOfPage\"  class='template-page content  av-content-full alpha units'><div class='post-entry post-entry-type-page post-entry-1903'><div class='entry-content-wrapper clearfix'>\n\n<style type=\"text\/css\" data-created_by=\"avia_inline_auto\" id=\"style-css-av-jgf3pjem-ee2a691ebc0a9a100bc99d372a9c72ca\">\n#top .flex_column.av-jgf3pjem-ee2a691ebc0a9a100bc99d372a9c72ca{\nmargin-top:0px;\nmargin-bottom:0px;\n}\n.flex_column.av-jgf3pjem-ee2a691ebc0a9a100bc99d372a9c72ca{\nborder-radius:0px 0px 0px 0px;\npadding:0px 0px 0px 0px;\n}\n.responsive #top #wrap_all .flex_column.av-jgf3pjem-ee2a691ebc0a9a100bc99d372a9c72ca{\nmargin-top:0px;\nmargin-bottom:0px;\n}\n<\/style>\n<div  class='flex_column av-jgf3pjem-ee2a691ebc0a9a100bc99d372a9c72ca av_one_full  avia-builder-el-1  avia-builder-el-no-sibling  first flex_column_div av-animated-generic left-to-right av-zero-column-padding  '     ><style type=\"text\/css\" data-created_by=\"avia_inline_auto\" id=\"style-css-av-js5yzz86-71d5e151f44479483685bca081da9229\">\n#top .av-special-heading.av-js5yzz86-71d5e151f44479483685bca081da9229{\nmargin:0 0 0 0;\npadding-bottom:0;\ncolor:#ffffff;\nfont-size:3vw;\n}\nbody .av-special-heading.av-js5yzz86-71d5e151f44479483685bca081da9229 .av-special-heading-tag .heading-char{\nfont-size:25px;\n}\n#top #wrap_all .av-special-heading.av-js5yzz86-71d5e151f44479483685bca081da9229 .av-special-heading-tag{\nfont-size:3vw;\n}\n.av-special-heading.av-js5yzz86-71d5e151f44479483685bca081da9229 .special-heading-inner-border{\nborder-color:#ffffff;\n}\n.av-special-heading.av-js5yzz86-71d5e151f44479483685bca081da9229 .av-subheading{\nfont-size:25px;\n}\n\n@media only screen and (min-width: 480px) and (max-width: 767px){ \n#top #wrap_all .av-special-heading.av-js5yzz86-71d5e151f44479483685bca081da9229 .av-special-heading-tag{\nfont-size:0.8em;\n}\n}\n\n@media only screen and (max-width: 479px){ \n#top #wrap_all .av-special-heading.av-js5yzz86-71d5e151f44479483685bca081da9229 .av-special-heading-tag{\nfont-size:0.8em;\n}\n}\n<\/style>\n<div  class='av-special-heading av-js5yzz86-71d5e151f44479483685bca081da9229 av-special-heading-h1 custom-color-heading blockquote modern-quote modern-centered  avia-builder-el-2  avia-builder-el-no-sibling  av-inherit-size'><h1 class='av-special-heading-tag'  itemprop=\"headline\"  >Apulia Transfer Service<\/h1><div class=\"special-heading-border\"><div class=\"special-heading-inner-border\"><\/div><\/div><\/div><\/div><\/div><\/div><\/main><!-- close content main element --><\/div><\/div><\/div><div id='after_section_1'  class='main_color av_default_container_wrap container_wrap fullsize'  ><div class='container av-section-cont-open' ><div class='template-page content  av-content-full alpha units'><div class='post-entry post-entry-type-page post-entry-1903'><div class='entry-content-wrapper clearfix'>\n<style type=\"text\/css\" data-created_by=\"avia_inline_auto\" id=\"style-css-av-9bxhe-f67cf6631bb0b59a3532646db842be9a\">\n.flex_column.av-9bxhe-f67cf6631bb0b59a3532646db842be9a{\nborder-radius:0px 0px 0px 0px;\npadding:0px 0px 0px 0px;\n}\n<\/style>\n<div  class='flex_column av-9bxhe-f67cf6631bb0b59a3532646db842be9a av_one_full  avia-builder-el-3  el_after_av_section  avia-builder-el-no-sibling  first flex_column_div av-zero-column-padding  '     ><section  class='av_textblock_section av-jp2x557f-d05d056c60bfc57c2ad24be54848af6c '   itemscope=\"itemscope\" itemtype=\"https:\/\/schema.org\/CreativeWork\" ><div class='avia_textblock'  itemprop=\"text\" ><h2 style=\"text-align: center;\"><strong>Puglia Transfer Service &#8211; Conference and Business Meeting Transfers in Puglia &#8211; Transfers from Bari and Brindisi Airports <\/strong><\/h2>\n<h3><\/h3>\n<h3><\/h3>\n<\/div><\/section><br \/>\n\n<style type=\"text\/css\" data-created_by=\"avia_inline_auto\" id=\"style-css-av-jp2ydyzt-08e5c89f23b782244ef4172134d60479\">\n#top .hr.hr-invisible.av-jp2ydyzt-08e5c89f23b782244ef4172134d60479{\nheight:20px;\n}\n<\/style>\n<div  class='hr av-jp2ydyzt-08e5c89f23b782244ef4172134d60479 hr-invisible  avia-builder-el-5  el_after_av_textblock  el_before_av_textblock '><span class='hr-inner '><span class=\"hr-inner-style\"><\/span><\/span><\/div><br \/>\n<section  class='av_textblock_section av-jp2y03f6-521064b7bcdec751134afcb8dade61d3 '   itemscope=\"itemscope\" itemtype=\"https:\/\/schema.org\/CreativeWork\" ><div class='avia_textblock'  itemprop=\"text\" ><p>Servizio Transfer Puglia per Convegni e Meeting aziendali &#8211; Eurotaxi propone il transfer sia per aziende che per privati. Il nostro servizio viene effettuato generalmente per chi arriva in aeroporto, porto o stazione.<\/p>\n<h3>Il servizio \u00e8 rivolto ad aziende che organizzano in Puglia meeting e congressi, ed hanno la necessit\u00e0 di mobilitare i propri invitati, \u00e8 rivolto a persone che si recano in Puglia per affari, ed \u00e8 rivolto a turisti che desiderano essere trasferiti dal punto di arrivo al punto di alloggio.<\/h3>\n<ul>\n<li>Transfer generico in Puglia;<\/li>\n<li>Transfer aeroporto;<\/li>\n<li>Transfer hotel;<\/li>\n<li>Transfer Meeting \/ Convegni \/ Fiere;<\/li>\n<li>Transfer business;<\/li>\n<li><a href=\"https:\/\/euro-taxi.it\/servizi\/transfer-matrimonio-puglia\/\">Transfer Matrimonio e ricorrenze<\/a><\/li>\n<\/ul>\n<p>Grazie ad una rete di collaborazioni, EuroTaxi pu\u00f2 organizzare il servizio in tutta Italia.<\/p>\n<\/div><\/section><\/p><\/div><\/p>\n","protected":false},"excerpt":{"rendered":"","protected":false},"author":1,"featured_media":0,"parent":1901,"menu_order":0,"comment_status":"closed","ping_status":"closed","template":"","meta":{"om_disable_all_campaigns":false,"_monsterinsights_skip_tracking":false,"_monsterinsights_sitenote_active":false,"_monsterinsights_sitenote_note":"","_monsterinsights_sitenote_category":0,"_joinchat":[],"footnotes":""},"class_list":["post-1903","page","type-page","status-publish","hentry"],"aioseo_notices":[],"_links":{"self":[{"href":"https:\/\/www.euro-taxi.it\/en\/wp-json\/wp\/v2\/pages\/1903","targetHints":{"allow":["GET"]}}],"collection":[{"href":"https:\/\/www.euro-taxi.it\/en\/wp-json\/wp\/v2\/pages"}],"about":[{"href":"https:\/\/www.euro-taxi.it\/en\/wp-json\/wp\/v2\/types\/page"}],"author":[{"embeddable":true,"href":"https:\/\/www.euro-taxi.it\/en\/wp-json\/wp\/v2\/users\/1"}],"replies":[{"embeddable":true,"href":"https:\/\/www.euro-taxi.it\/en\/wp-json\/wp\/v2\/comments?post=1903"}],"version-history":[{"count":1,"href":"https:\/\/www.euro-taxi.it\/en\/wp-json\/wp\/v2\/pages\/1903\/revisions"}],"predecessor-version":[{"id":1904,"href":"https:\/\/www.euro-taxi.it\/en\/wp-json\/wp\/v2\/pages\/1903\/revisions\/1904"}],"up":[{"embeddable":true,"href":"https:\/\/www.euro-taxi.it\/en\/wp-json\/wp\/v2\/pages\/1901"}],"wp:attachment":[{"href":"https:\/\/www.euro-taxi.it\/en\/wp-json\/wp\/v2\/media?parent=1903"}],"curies":[{"name":"wp","href":"https:\/\/api.w.org\/{rel}","templated":true}]}}